{"id":24460,"date":"2025-06-26T14:00:13","date_gmt":"2025-06-26T14:00:13","guid":{"rendered":"https:\/\/www.bellevueetmediterranee.it\/datenschutzerklaerung\/"},"modified":"2026-04-30T08:24:25","modified_gmt":"2026-04-30T08:24:25","slug":"datenschutzerklaerung","status":"publish","type":"page","link":"https:\/\/www.bellevueetmediterranee.it\/de\/datenschutzerklaerung\/","title":{"rendered":"Datenschutzerkl\u00e4rung"},"content":{"rendered":"\t\t<div data-elementor-type=\"wp-page\" data-elementor-id=\"24460\" class=\"elementor elementor-24460 elementor-8124\" data-elementor-post-type=\"page\">\n\t\t\t\t<div class=\"elementor-element elementor-element-d3cacd9 e-flex e-con-boxed e-con e-parent\" data-id=\"d3cacd9\" data-element_type=\"container\" data-e-type=\"container\">\n\t\t\t\t\t<div class=\"e-con-inner\">\n\t\t\t\t<div class=\"elementor-element elementor-element-8c736d1 elementor-widget elementor-widget-html\" data-id=\"8c736d1\" data-element_type=\"widget\" data-e-type=\"widget\" data-widget_type=\"html.default\">\n\t\t\t\t<div class=\"elementor-widget-container\">\n\t\t\t\t\t<a href=\"https:\/\/www.iubenda.com\/privacy-policy\/43916824\" class=\"iubenda-white no-brand iubenda-noiframe iubenda-embed iubenda-noiframe iub-body-embed\" title=\"Datenschutzerkl\u00e4rung\">Datenschutzerkl\u00e4rung<\/a><script type=\"text\/javascript\">(function (w,d) {var loader = function () {var s = d.createElement(\"script\"), tag = d.getElementsByTagName(\"script\")[0]; s.src=\"https:\/\/cdn.iubenda.com\/iubenda.js\"; tag.parentNode.insertBefore(s,tag);}; if(w.addEventListener){w.addEventListener(\"load\", loader, false);}else if(w.attachEvent){w.attachEvent(\"onload\", loader);}else{w.onload = loader;}})(window, document);<\/script>\t\t\t\t<\/div>\n\t\t\t\t<\/div>\n\t\t\t\t\t<\/div>\n\t\t\t\t<\/div>\n\t\t\t\t<\/div>\n\t\t","protected":false},"excerpt":{"rendered":"<p>Datenschutzerkl\u00e4rung<\/p>\n","protected":false},"author":1,"featured_media":0,"parent":0,"menu_order":0,"comment_status":"closed","ping_status":"closed","template":"","meta":{"footnotes":""},"class_list":["post-24460","page","type-page","status-publish","hentry"],"yoast_head":"<!-- This site is optimized with the Yoast SEO plugin v27.5 - https:\/\/yoast.com\/product\/yoast-seo-wordpress\/ -->\n<title>Datenschutzerkl\u00e4rung - Hotel Bellevue et Mediterran\u00e9e<\/title>\n<meta name=\"robots\" content=\"noindex, follow\" \/>\n<meta property=\"og:locale\" content=\"de_DE\" \/>\n<meta property=\"og:type\" content=\"article\" \/>\n<meta property=\"og:title\" content=\"Datenschutzerkl\u00e4rung - Hotel Bellevue et Mediterran\u00e9e\" \/>\n<meta property=\"og:description\" content=\"Datenschutzerkl\u00e4rung\" \/>\n<meta property=\"og:url\" content=\"https:\/\/www.bellevueetmediterranee.it\/de\/datenschutzerklaerung\/\" \/>\n<meta property=\"og:site_name\" content=\"Hotel Bellevue et Mediterran\u00e9e\" \/>\n<meta property=\"article:modified_time\" content=\"2026-04-30T08:24:25+00:00\" \/>\n<meta name=\"twitter:card\" content=\"summary_large_image\" \/>\n<script type=\"application\/ld+json\" class=\"yoast-schema-graph\">{\"@context\":\"https:\\\/\\\/schema.org\",\"@graph\":[{\"@type\":\"WebPage\",\"@id\":\"https:\\\/\\\/www.bellevueetmediterranee.it\\\/de\\\/datenschutzerklaerung\\\/\",\"url\":\"https:\\\/\\\/www.bellevueetmediterranee.it\\\/de\\\/datenschutzerklaerung\\\/\",\"name\":\"Datenschutzerkl\u00e4rung - Hotel Bellevue et Mediterran\u00e9e\",\"isPartOf\":{\"@id\":\"https:\\\/\\\/www.bellevueetmediterranee.it\\\/de\\\/#website\"},\"datePublished\":\"2025-06-26T14:00:13+00:00\",\"dateModified\":\"2026-04-30T08:24:25+00:00\",\"breadcrumb\":{\"@id\":\"https:\\\/\\\/www.bellevueetmediterranee.it\\\/de\\\/datenschutzerklaerung\\\/#breadcrumb\"},\"inLanguage\":\"de\",\"potentialAction\":[{\"@type\":\"ReadAction\",\"target\":[\"https:\\\/\\\/www.bellevueetmediterranee.it\\\/de\\\/datenschutzerklaerung\\\/\"]}]},{\"@type\":\"BreadcrumbList\",\"@id\":\"https:\\\/\\\/www.bellevueetmediterranee.it\\\/de\\\/datenschutzerklaerung\\\/#breadcrumb\",\"itemListElement\":[{\"@type\":\"ListItem\",\"position\":1,\"name\":\"Home\",\"item\":\"https:\\\/\\\/www.bellevueetmediterranee.it\\\/de\\\/startseite\\\/\"},{\"@type\":\"ListItem\",\"position\":2,\"name\":\"Datenschutzerkl\u00e4rung\"}]},{\"@type\":\"WebSite\",\"@id\":\"https:\\\/\\\/www.bellevueetmediterranee.it\\\/de\\\/#website\",\"url\":\"https:\\\/\\\/www.bellevueetmediterranee.it\\\/de\\\/\",\"name\":\"Hotel Bellevue et Mediterran\u00e9e\",\"description\":\"\",\"publisher\":{\"@id\":\"https:\\\/\\\/www.bellevueetmediterranee.it\\\/de\\\/#organization\"},\"potentialAction\":[{\"@type\":\"SearchAction\",\"target\":{\"@type\":\"EntryPoint\",\"urlTemplate\":\"https:\\\/\\\/www.bellevueetmediterranee.it\\\/de\\\/?s={search_term_string}\"},\"query-input\":{\"@type\":\"PropertyValueSpecification\",\"valueRequired\":true,\"valueName\":\"search_term_string\"}}],\"inLanguage\":\"de\"},{\"@type\":\"Organization\",\"@id\":\"https:\\\/\\\/www.bellevueetmediterranee.it\\\/de\\\/#organization\",\"name\":\"Hotel Bellevue et Mediterran\u00e9e\",\"url\":\"https:\\\/\\\/www.bellevueetmediterranee.it\\\/de\\\/\",\"logo\":{\"@type\":\"ImageObject\",\"inLanguage\":\"de\",\"@id\":\"https:\\\/\\\/www.bellevueetmediterranee.it\\\/de\\\/#\\\/schema\\\/logo\\\/image\\\/\",\"url\":\"https:\\\/\\\/www.bellevueetmediterranee.it\\\/wp-content\\\/uploads\\\/2025\\\/06\\\/cropped-Progetto-senza-titolo.png\",\"contentUrl\":\"https:\\\/\\\/www.bellevueetmediterranee.it\\\/wp-content\\\/uploads\\\/2025\\\/06\\\/cropped-Progetto-senza-titolo.png\",\"width\":512,\"height\":512,\"caption\":\"Hotel Bellevue et Mediterran\u00e9e\"},\"image\":{\"@id\":\"https:\\\/\\\/www.bellevueetmediterranee.it\\\/de\\\/#\\\/schema\\\/logo\\\/image\\\/\"}}]}<\/script>\n<!-- \/ Yoast SEO plugin. -->","yoast_head_json":{"title":"Datenschutzerkl\u00e4rung - Hotel Bellevue et Mediterran\u00e9e","robots":{"index":"noindex","follow":"follow"},"og_locale":"de_DE","og_type":"article","og_title":"Datenschutzerkl\u00e4rung - Hotel Bellevue et Mediterran\u00e9e","og_description":"Datenschutzerkl\u00e4rung","og_url":"https:\/\/www.bellevueetmediterranee.it\/de\/datenschutzerklaerung\/","og_site_name":"Hotel Bellevue et Mediterran\u00e9e","article_modified_time":"2026-04-30T08:24:25+00:00","twitter_card":"summary_large_image","schema":{"@context":"https:\/\/schema.org","@graph":[{"@type":"WebPage","@id":"https:\/\/www.bellevueetmediterranee.it\/de\/datenschutzerklaerung\/","url":"https:\/\/www.bellevueetmediterranee.it\/de\/datenschutzerklaerung\/","name":"Datenschutzerkl\u00e4rung - Hotel Bellevue et Mediterran\u00e9e","isPartOf":{"@id":"https:\/\/www.bellevueetmediterranee.it\/de\/#website"},"datePublished":"2025-06-26T14:00:13+00:00","dateModified":"2026-04-30T08:24:25+00:00","breadcrumb":{"@id":"https:\/\/www.bellevueetmediterranee.it\/de\/datenschutzerklaerung\/#breadcrumb"},"inLanguage":"de","potentialAction":[{"@type":"ReadAction","target":["https:\/\/www.bellevueetmediterranee.it\/de\/datenschutzerklaerung\/"]}]},{"@type":"BreadcrumbList","@id":"https:\/\/www.bellevueetmediterranee.it\/de\/datenschutzerklaerung\/#breadcrumb","itemListElement":[{"@type":"ListItem","position":1,"name":"Home","item":"https:\/\/www.bellevueetmediterranee.it\/de\/startseite\/"},{"@type":"ListItem","position":2,"name":"Datenschutzerkl\u00e4rung"}]},{"@type":"WebSite","@id":"https:\/\/www.bellevueetmediterranee.it\/de\/#website","url":"https:\/\/www.bellevueetmediterranee.it\/de\/","name":"Hotel Bellevue et Mediterran\u00e9e","description":"","publisher":{"@id":"https:\/\/www.bellevueetmediterranee.it\/de\/#organization"},"potentialAction":[{"@type":"SearchAction","target":{"@type":"EntryPoint","urlTemplate":"https:\/\/www.bellevueetmediterranee.it\/de\/?s={search_term_string}"},"query-input":{"@type":"PropertyValueSpecification","valueRequired":true,"valueName":"search_term_string"}}],"inLanguage":"de"},{"@type":"Organization","@id":"https:\/\/www.bellevueetmediterranee.it\/de\/#organization","name":"Hotel Bellevue et Mediterran\u00e9e","url":"https:\/\/www.bellevueetmediterranee.it\/de\/","logo":{"@type":"ImageObject","inLanguage":"de","@id":"https:\/\/www.bellevueetmediterranee.it\/de\/#\/schema\/logo\/image\/","url":"https:\/\/www.bellevueetmediterranee.it\/wp-content\/uploads\/2025\/06\/cropped-Progetto-senza-titolo.png","contentUrl":"https:\/\/www.bellevueetmediterranee.it\/wp-content\/uploads\/2025\/06\/cropped-Progetto-senza-titolo.png","width":512,"height":512,"caption":"Hotel Bellevue et Mediterran\u00e9e"},"image":{"@id":"https:\/\/www.bellevueetmediterranee.it\/de\/#\/schema\/logo\/image\/"}}]}},"_links":{"self":[{"href":"https:\/\/www.bellevueetmediterranee.it\/de\/wp-json\/wp\/v2\/pages\/24460","targetHints":{"allow":["GET"]}}],"collection":[{"href":"https:\/\/www.bellevueetmediterranee.it\/de\/wp-json\/wp\/v2\/pages"}],"about":[{"href":"https:\/\/www.bellevueetmediterranee.it\/de\/wp-json\/wp\/v2\/types\/page"}],"author":[{"embeddable":true,"href":"https:\/\/www.bellevueetmediterranee.it\/de\/wp-json\/wp\/v2\/users\/1"}],"replies":[{"embeddable":true,"href":"https:\/\/www.bellevueetmediterranee.it\/de\/wp-json\/wp\/v2\/comments?post=24460"}],"version-history":[{"count":1,"href":"https:\/\/www.bellevueetmediterranee.it\/de\/wp-json\/wp\/v2\/pages\/24460\/revisions"}],"predecessor-version":[{"id":24461,"href":"https:\/\/www.bellevueetmediterranee.it\/de\/wp-json\/wp\/v2\/pages\/24460\/revisions\/24461"}],"wp:attachment":[{"href":"https:\/\/www.bellevueetmediterranee.it\/de\/wp-json\/wp\/v2\/media?parent=24460"}],"curies":[{"name":"wp","href":"https:\/\/api.w.org\/{rel}","templated":true}]}}